{"id":67,"date":"2023-06-06T12:55:49","date_gmt":"2023-06-06T12:55:49","guid":{"rendered":"https:\/\/eudipsec.usm.md\/?page_id=67"},"modified":"2023-06-12T08:46:44","modified_gmt":"2023-06-12T08:46:44","slug":"teaching-staff","status":"publish","type":"page","link":"https:\/\/eudipsec.usm.md\/?page_id=67","title":{"rendered":"TEACHING STAFF"},"content":{"rendered":"<p style=\"text-align: justify;\"><strong><img decoding=\"async\" class=\"alignnone wp-image-68\" style=\"float: left; border: 1px solid black; margin: 3px;\" src=\"https:\/\/eudipsec.usm.md\/wp-content\/uploads\/2023\/06\/lud-227x300.png\" alt=\"\" width=\"111\" height=\"146\" \/><\/strong><strong>Ludmila Golovataia, <\/strong>doctor \u00een \u0219tiin\u021be economice, conferen\u021biar universitar \u0219i un cercet\u0103tor cu experien\u021b\u0103 de la Universitatea de Stat din Moldova. \u0218ef al Departamentului Rela\u021bii Economice Interna\u021bionale al Institutului de Rela\u021bii Interna\u021bionale din Moldova (IRIM) \u00een perioada 2005-2019. \u00cen activitatea sa de cercetare \u0219i predare, L. Golovataya este specializat\u0103 \u00een rela\u021biile economice interna\u021bionale \u0219i rela\u021biile interna\u021bionale, \u00een special diploma\u021bia economic\u0103; probleme legate de securitatea economic\u0103 \u0219i impactul intereselor economice na\u021bionale ale statului asupra securit\u0103\u021bii economice \u0219i competitivit\u0103\u021bii.\u00a0A participat la o serie de proiecte europene de cercetare \u00een cadrul programelor SAIA, Slovacia; VisegradFund, Slovacia; Fondul Jozef Mianowski, Polonia privind migra\u021bia ca factor de securitate. Este coordonatorul mai multor proiecte Jean Monnet (modul \u0219i catedr\u0103) ale Programului Erasmus+:<\/p>\n<ul style=\"text-align: justify;\">\n<li>coordonatorul proiectului Jean Monnet Module 586976-EPP-1-2017-1-MD-EPPJMO-MODULE, MIGIEUS (2017 \u2013 2020);<\/li>\n<li>coordonatorul proiectului Jean Monnet Chaire EUDIPSEC 620918-EPP-1-2020-1-MD-EPPJMO-CHAIR<\/li>\n<li>membru echipei proiectului Jean Monnet Chaire 101047511-EPP-1-2021-1-MD-EPPJMO-CHAIR<\/li>\n<\/ul>\n<p style=\"text-align: justify;\">ERASMUS-JMO-2021-HEI-TCH-RSCH, EUTEC (2021-2023);<\/p>\n<ul style=\"text-align: justify;\">\n<li>coordonatorul proiectului Jean Monnet Chaire EUJUSEF &#8211; 101081375 &#8211; ERASMUS-JMO-2022-CHAIR<\/li>\n<\/ul>\n<p style=\"text-align: justify;\">A implementat mobilitatea personalului pentru predare (STA) \u00een cadrul Programului Interna\u021bional de mobilitate a creditelor la Universitatea de Economie din Bratislava , Slovacia ( \u00een 2022) \u0219i Universitatea Pantheon din Atena, Grecia (2019, 2022). Particip\u0103 \u00een mod regulat la conferin\u021be interna\u021bionale, congrese, seminarii \u0219i forumuri.\u00a0Din 2017 p\u00e2n\u0103 \u00een prezent, este expert din Republica Moldova \u0219i public\u0103 \u00een mod constant articole analitice \u00een programul EMERICS sus\u021binut de Institutul Coreean pentru Politic\u0103 Economic\u0103 Interna\u021bional\u0103 (KIEP) pe probleme din domeniul rela\u021biilor economice interna\u021bionale.<\/p>\n<ol style=\"text-align: justify;\">\n<li>Golovataya este autorul \u0219i coautorul publica\u021biilor \u0219tiin\u021bifice \u00een domeniul securit\u0103\u021bii economice:<\/li>\n<\/ol>\n<ul style=\"text-align: justify;\">\n<li>Monografia \u201d\u042d\u043ao\u043do\u043c\u0438\u0447\u0435\u0441\u043a\u0430\u044f\u0434\u0438\u043f\u043bo\u043c\u0430\u0442\u0438\u044f\u00a0\u0433o\u0441\u0443\u0434\u0430\u0440\u0441\u0442\u0432\u0430\u00a0\u043a\u0430\u043a\u00a0\u0444\u0430\u043a\u0442o\u0440\u00a0o\u0431\u0435\u0441\u043f\u0435\u0447\u0435\u043d\u0438\u044f\u00a0\u044d\u043ao\u043do\u043c\u0438\u0447\u0435\u0441\u043ao\u0439\u00a0\u0411\u0435\u0437o\u043f\u0430\u0441\u043do\u0441\u0442\u0438\u201d\/\u0413o\u043bo\u0432\u0430\u0442\u0430\u044f\u00a0\u041b\u044e\u0434\u043c\u0438\u043b\u0430; \u0410\u043a\u0430\u0434\u0435\u043c\u0438\u044f \u0433o\u0441\u0443\u0434\u0430\u0440\u0441\u0442\u0432\u0435\u043d\u043do\u0433o \u0443\u043f\u0440\u0430\u0432\u043b\u0435\u043d\u0438\u044f.\u2013 \u041a\u0438\u0448\u0438\u043d\u044d\u0443: \u0411. \u0438., 2022 (Print-Caro).\u2013260 p.: diagr., tab. : p. 237-260 (310 tit.). \u2013 100 ex. ISBN 978-9975-165-17-4.<\/li>\n<li>Golovataia L., Economic Security and the Fight against Corruption in the Republic of Moldova in the Context of Integration Processes to EU. Project EMERICS, Korea Institute for International Economic Policy (KIEP), <a href=\"https:\/\/www.emerics.org:446\/issueDetail.es?brdctsNo=321510&amp;mid=a10200000000&amp;systemcode=04\">https:\/\/www.emerics.org:446\/issueDetail.es?brdctsNo=321510&amp;mid=a10200000000&amp;systemcode=04<\/a><\/li>\n<li>Golovataia L.,\u201dNational Interest of States and Globalization\u201d. 22nd International Scientific Conference \u201dInternational Relations 2021:Current issues of world economy and politics\u201d, 2nd\u20133rd December 2021. University of Economics in Bratislava, Faculty of International Relations, Slovak Republic, 2021. ISBN 978-80-225&#8211;4904-2; ISSN 2585-9412, pag. 237-243.<\/li>\n<li>Golovataia L., Asigurarea securit\u0103\u0163ii economice \u015fi a intereselor na\u0163ionale prin diploma\u0163ia economic\u0103. (\u00een l. rus. ) Rela\u021bii Interna\u021bionale Plus Revist\u0103 \u0219tiin\u021bifico-practic\u0103 Nr. 2 (18) 2020. \u00a0AAP, ISSN 1857-4440, eISSN 2587-3393, pag. 56 \u2013 67<\/li>\n<li>Golovataia L., Ensuring economic security and national interests through economic diplomacy. (\u00een l. engl.) International Relations Plus Scientific-practical journal Nr. 2 (18) 2020. AAP, ISSN 1857-4440, eISSN 2587-3393, pag. 164 \u2013 174<\/li>\n<li>Golovataia L., National Interest of States and Globalization. \u0421\u0431\u043e\u0440\u043d\u0438\u043a \u043d\u0430\u0443\u0447\u043d\u044b\u0445 \u0442\u0440\u0443\u0434\u043e\u0432 22\u2013\u0439 \u041c\u0435\u0436\u0434\u0443\u043d\u0430\u0440\u043e\u0434\u043d\u043e\u0439 \u043d\u0430\u0443\u0447\u043d\u043e\u0439 \u043a\u043e\u043d\u0444\u0435\u0440\u0435\u043d\u0446\u0438\u0438 \u00ab\u041c\u0435\u0436\u0434\u0443\u043d\u0430\u0440\u043e\u0434\u043d\u044b\u0435 \u043e\u0442\u043d\u043e\u0448\u0435\u043d\u0438\u044f 2021: \u0410\u043a\u0442\u0443\u0430\u043b\u044c\u043d\u044b\u0435 \u0432\u043e\u043f\u0440\u043e\u0441\u044b \u043c\u0438\u0440\u043e\u0432\u043e\u0439 \u044d\u043a\u043e\u043d\u043e\u043c\u0438\u043a\u0438 \u0438 \u043f\u043e\u043b\u0438\u0442\u0438\u043a\u0438\u00bb, 2-3 \u0434\u0435\u043a\u0430\u0431\u0440\u044f 2021 \u0433. ISBN978-80-225&#8211;4904-2; ISSN\u00a02585-9412. \u00a0\u0421\u0442\u0440. 237-244<\/li>\n<li>Golovataia L., Business-Diploma\u021bia ca instrument pentru promovarea intereselor economice externe ale Republicii Moldova.Revist\u0103 \u0219tiin\u021bifico-practic\u0103 Rela\u021bii Interna\u021bionale Plus Nr.2 (20) 2021. Chi\u0219in\u0103u, R. Moldova. ISSN 1857-4440; eISSN 2587-3393.<\/li>\n<li>Golovataia L.Non-state actors in Economic Diplomacy. International Round Table \u201dPeculiarities of Local Economic Development in Cross-Border Space\u201d action within the Jean Monnet project \u201eBoosting Local Economic Growth in Border Regions in the Process of EU Integration: Best Practices of Eastern Partnership (EaP)\u00a0Countries \u00a0(599948-EPP-1-2018-1-UA-EPPJMO-SUPPA,\u00a02018 \u2013 2021) June, 10-11, 2021. ISBN 978-9975-56-957-6. Pag.161-172.<\/li>\n<\/ul>\n<p style=\"text-align: justify;\">A total \u00een publicat 2 c\u0103r\u021bi \u0219i peste 70 de articole.<\/p>\n<p style=\"text-align: center;\"><div class=\"df-element df-lite\"  data-slug=\"echipa_golovataia-l\" data-_slug=\"echipa_golovataia-l\" data-title=\"echipa_golovataia-l\" id=\"df_73\" data-option=\"df_option_73\" ><\/div><script class=\"df-shortcode-script\" type=\"application\/javascript\">window.df_option_73 = {\"source\":\"https:\\\/\\\/eudipsec.usm.md\\\/wp-content\\\/uploads\\\/2023\\\/06\\\/Echipa_Golovataia-L.pdf\",\"viewerType\":\"flipbook\",\"is3D\":false,\"disableRange\":true,\"slug\":\"echipa_golovataia-l\",\"id\":73}; if(window.DEARPDF && window.DEARPDF.parseElements){window.DEARPDF.parseElements();}<\/script><\/p>\n","protected":false},"excerpt":{"rendered":"<p>Ludmila Golovataia, doctor \u00een \u0219tiin\u021be economice, conferen\u021biar universitar \u0219i un cercet\u0103tor cu experien\u021b\u0103 de la Universitatea de Stat din Moldova. \u0218ef al Departamentului Rela\u021bii Economice Interna\u021bionale al Institutului de Rela\u021bii Interna\u021bionale din Moldova (IRIM) \u00een perioada 2005-2019. \u00cen activitatea sa de cercetare \u0219i predare, L. Golovataya este specializat\u0103 \u00een rela\u021biile economice interna\u021bionale \u0219i rela\u021biile interna\u021bionale,&hellip; <br \/> <a class=\"read-more\" href=\"https:\/\/eudipsec.usm.md\/?page_id=67\">Read more<\/a><\/p>\n","protected":false},"author":1,"featured_media":0,"parent":0,"menu_order":0,"comment_status":"closed","ping_status":"closed","template":"","meta":{"footnotes":""},"class_list":["post-67","page","type-page","status-publish","hentry"],"rttpg_featured_image_url":null,"rttpg_author":{"display_name":"","author_link":"https:\/\/eudipsec.usm.md\/?author=1"},"rttpg_comment":0,"rttpg_category":null,"rttpg_excerpt":"Ludmila Golovataia, doctor \u00een \u0219tiin\u021be economice, conferen\u021biar universitar \u0219i un cercet\u0103tor cu experien\u021b\u0103 de la Universitatea de Stat din Moldova. \u0218ef al Departamentului Rela\u021bii Economice Interna\u021bionale al Institutului de Rela\u021bii Interna\u021bionale din Moldova (IRIM) \u00een perioada 2005-2019. \u00cen activitatea sa de cercetare \u0219i predare, L. Golovataya este specializat\u0103 \u00een rela\u021biile economice interna\u021bionale \u0219i rela\u021biile interna\u021bionale,&hellip;&hellip;","_links":{"self":[{"href":"https:\/\/eudipsec.usm.md\/index.php?rest_route=\/wp\/v2\/pages\/67","targetHints":{"allow":["GET"]}}],"collection":[{"href":"https:\/\/eudipsec.usm.md\/index.php?rest_route=\/wp\/v2\/pages"}],"about":[{"href":"https:\/\/eudipsec.usm.md\/index.php?rest_route=\/wp\/v2\/types\/page"}],"author":[{"embeddable":true,"href":"https:\/\/eudipsec.usm.md\/index.php?rest_route=\/wp\/v2\/users\/1"}],"replies":[{"embeddable":true,"href":"https:\/\/eudipsec.usm.md\/index.php?rest_route=%2Fwp%2Fv2%2Fcomments&post=67"}],"version-history":[{"count":8,"href":"https:\/\/eudipsec.usm.md\/index.php?rest_route=\/wp\/v2\/pages\/67\/revisions"}],"predecessor-version":[{"id":128,"href":"https:\/\/eudipsec.usm.md\/index.php?rest_route=\/wp\/v2\/pages\/67\/revisions\/128"}],"wp:attachment":[{"href":"https:\/\/eudipsec.usm.md\/index.php?rest_route=%2Fwp%2Fv2%2Fmedia&parent=67"}],"curies":[{"name":"wp","href":"https:\/\/api.w.org\/{rel}","templated":true}]}}