{"id":6,"date":"2023-06-06T11:24:43","date_gmt":"2023-06-06T11:24:43","guid":{"rendered":"https:\/\/eudipsec.usm.md\/mesmerize\/"},"modified":"2024-04-08T12:43:58","modified_gmt":"2024-04-08T12:43:58","slug":"mesmerize","status":"publish","type":"page","link":"https:\/\/eudipsec.usm.md\/","title":{"rendered":"Front Page"},"content":{"rendered":"<div data-elementor-type=\"wp-page\" data-elementor-id=\"6\" class=\"elementor elementor-6\">\n\t\t\t\t<div class=\"elementor-element elementor-element-fc416bc e-flex e-con-boxed e-con e-parent\" data-id=\"fc416bc\" data-element_type=\"container\">\n\t\t\t\t\t<div class=\"e-con-inner\">\n\t\t<div class=\"elementor-element elementor-element-79b0fcc e-flex e-con-boxed e-con e-parent\" data-id=\"79b0fcc\" data-element_type=\"container\">\n\t\t\t\t\t<div class=\"e-con-inner\">\n\t\t\t\t<div class=\"elementor-element elementor-element-b6c4b05 elementor-widget elementor-widget-shortcode\" data-id=\"b6c4b05\" data-element_type=\"widget\" data-widget_type=\"shortcode.default\">\n\t\t\t\t<div class=\"elementor-widget-container\">\n\t\t\t\t\t<div class=\"elementor-shortcode\"><style type='text\/css' media='all'>#rt-tpg-container-2418597086 .rt-holder .rt-woo-info .price{color:#203d7a;}body .rt-tpg-container .rt-tpg-isotope-buttons .selected,\n\t\t\t\t\t#rt-tpg-container-2418597086 .layout12 .rt-holder:hover .rt-detail,\n\t\t\t\t\t#rt-tpg-container-2418597086 .isotope8 .rt-holder:hover .rt-detail,\n\t\t\t\t\t#rt-tpg-container-2418597086 .carousel8 .rt-holder:hover .rt-detail,\n\t\t\t\t\t#rt-tpg-container-2418597086 .layout13 .rt-holder .overlay .post-info,\n\t\t\t\t\t#rt-tpg-container-2418597086 .isotope9 .rt-holder .overlay .post-info,\n\t\t\t\t\t#rt-tpg-container-2418597086.rt-tpg-container .layout4 .rt-holder .rt-detail,\n\t\t\t\t\t.rt-modal-2418597086 .md-content,\n\t\t\t\t\t.rt-modal-2418597086 .md-content > .rt-md-content-holder .rt-md-content,\n\t\t\t\t\t.rt-popup-wrap-2418597086.rt-popup-wrap .rt-popup-navigation-wrap,\n\t\t\t\t\t#rt-tpg-container-2418597086 .carousel9 .rt-holder .overlay .post-info{background-color:#203d7a;}#rt-tpg-container-2418597086 .layout5 .rt-holder .overlay, #rt-tpg-container-2418597086 .isotope2 .rt-holder .overlay, #rt-tpg-container-2418597086 .carousel2 .rt-holder .overlay,#rt-tpg-container-2418597086 .layout15 .rt-holder h3, #rt-tpg-container-2418597086 .isotope11 .rt-holder h3, #rt-tpg-container-2418597086 .carousel11 .rt-holder h3, #rt-tpg-container-2418597086 .layout16 .rt-holder h3,\n\t\t\t\t\t#rt-tpg-container-2418597086 .isotope12 .rt-holder h3, #rt-tpg-container-2418597086 .carousel12 .rt-holder h3 {background-color:rgba(32,61,122,0.8);}#rt-tpg-container-2418597086 .read-more a{border-radius:px;}#rt-tpg-container-2418597086 .tpg-widget-heading-wrapper.heading-style1 .tpg-widget-heading, #rt-tpg-container-2418597086 .tpg-widget-heading-wrapper.heading-style1 .tpg-widget-heading a, #rt-tpg-container-2418597086 .tpg-widget-heading-wrapper.heading-style2 .tpg-widget-heading, #rt-tpg-container-2418597086 .tpg-widget-heading-wrapper.heading-style2 .tpg-widget-heading a, #rt-tpg-container-2418597086 .tpg-widget-heading-wrapper.heading-style3 .tpg-widget-heading, #rt-tpg-container-2418597086 .tpg-widget-heading-wrapper.heading-style3 .tpg-widget-heading a  {color:#203d7a;}#rt-tpg-container-2418597086 .tpg-widget-heading-wrapper.heading-style1 .tpg-widget-heading::before  {background-color:#203d7a;}#rt-tpg-container-2418597086 .rt-img-holder img.rt-img-responsive,#rt-tpg-container-2418597086 .rt-img-holder,\n\t\t\t\t\t#rt-tpg-container-2418597086 .rt-post-overlay .post-img,\n\t\t\t\t\t#rt-tpg-container-2418597086 .post-sm .post-img,\n\t\t\t\t\t#rt-tpg-container-2418597086 .rt-post-grid .post-img,\n\t\t\t\t\t#rt-tpg-container-2418597086 .post-img img {border-radius:px;}#rt-tpg-container-2418597086 .layout5 .rt-holder h2.entry-title,\n\t\t\t\t\t#rt-tpg-container-2418597086 .layout5 .rt-holder h3.entry-title,\n\t\t\t\t\t#rt-tpg-container-2418597086 .layout5 .rt-holder h4.entry-title,\n\t\t\t\t\t#rt-tpg-container-2418597086 .layout5 .rt-holder h2.entry-title a,\n\t\t\t\t\t#rt-tpg-container-2418597086 .layout5 .rt-holder h3.entry-title a,\n\t\t\t\t\t#rt-tpg-container-2418597086 .layout5 .rt-holder h4.entry-title a,\n\t\t\t\t\t#rt-tpg-container-2418597086 .rt-holder .rt-woo-info h2 a,\n\t\t\t\t\t#rt-tpg-container-2418597086 .rt-holder .rt-woo-info h3 a,\n\t\t\t\t\t#rt-tpg-container-2418597086 .rt-holder .rt-woo-info h4 a,\n\t\t\t\t\t#rt-tpg-container-2418597086 .post-content .post-title,\n\t\t\t\t\t#rt-tpg-container-2418597086 .rt-post-grid .post-title,\n\t\t\t\t\t#rt-tpg-container-2418597086 .rt-post-grid .post-title a,\n\t\t\t\t\t#rt-tpg-container-2418597086 .post-content .post-title a,\n\t\t\t\t\t#rt-tpg-container-2418597086 .rt-holder .rt-woo-info h2,\n\t\t\t\t\t#rt-tpg-container-2418597086 .rt-holder .rt-woo-info h3,\n\t\t\t\t\t#rt-tpg-container-2418597086 .rt-holder .rt-woo-info h4{font-size:14px;line-height:24px;}#rt-tpg-container-2418597086 .post-grid-lg-style-1 .post-title,\n\t\t\t\t\t\t#rt-tpg-container-2418597086 .post-grid-lg-style-1 .post-title a,\n\t\t\t\t\t\t#rt-tpg-container-2418597086 .big-layout .post-title,\n\t\t\t\t\t\t#rt-tpg-container-2418597086 .big-layout .post-title a,\n\t\t\t\t\t\t#rt-tpg-container-2418597086 .post-grid-lg-style-1 .post-title,\n\t\t\t\t\t\t#rt-tpg-container-2418597086 .post-grid-lg-style-1 .post-title a {font-size:22px;line-height:32px;}<\/style><div class='rt-container-fluid rt-tpg-container tpg-shortcode-main-wrapper ' id='rt-tpg-container-2418597086'   data-layout='layout5' data-grid-style='even' data-desktop-col='3'  data-tab-col='2'  data-mobile-col='1' data-sc-id='139'><div class=\"tpg-widget-heading-wrapper heading-style1 center\"><span class=\"tpg-widget-heading-line line-left\"><\/span><h3 class=\"tpg-widget-heading\">Events<\/h3><span class=\"tpg-widget-heading-line\"><\/span><\/div><div data-title='Loading ...' class='rt-row rt-content-loader   layout5 tpg-even '><div class=\"rt-col-md-4 rt-col-sm-6 rt-col-xs-12 even-grid-item rt-grid-item\" data-id=\"428\"><div class=\"rt-holder\"><div class=\"overlay\"><h3 class=\"entry-title\"><a data-id=\"428\" class=\"\" href=\"https:\/\/eudipsec.usm.md\/?p=428\">Masa Rotund\u0103 cu genericul \u201eAc\u021biunea de politic\u0103 extern\u0103 a Uniunii Europene: direc\u021bii, provoc\u0103ri \u0219i perspective\u201d<\/a><\/h3><span class='post-meta-user '><span class='date-meta'><i class='flaticon-calendar '><\/i>Wednesday April 12th, 2023<\/span><span class='categories-links'><i class='flaticon-folder '><\/i><a class=\"events\" href=\"https:\/\/eudipsec.usm.md\/?cat=3\" rel=\"tag\">Events<\/a><\/span><\/span><div class='rt-detail'><div class='tpg-excerpt'>On April 12, 2023, the Department of International Relations of the Faculty of International Relations...<\/div><\/div><\/div> <a data-id='428' class='' href='https:\/\/eudipsec.usm.md\/?p=428'><img fetchpriority=\"high\" decoding=\"async\" width=\"2560\" height=\"2251\" src=\"https:\/\/eudipsec.usm.md\/wp-content\/uploads\/2023\/06\/IMG_1515-scaled.jpg\" class=\"rt-img-responsive \" alt=\"\" \/><\/a><\/div><\/div><div class=\"rt-col-md-4 rt-col-sm-6 rt-col-xs-12 even-grid-item rt-grid-item\" data-id=\"445\"><div class=\"rt-holder\"><div class=\"overlay\"><h3 class=\"entry-title\"><a data-id=\"445\" class=\"\" href=\"https:\/\/eudipsec.usm.md\/?p=445\">The management of the project &#8220;EUROPEAN UNION: A COMPREHENSIVE NOTION&#8221; (EUDIPSEC)<\/a><\/h3><span class='post-meta-user '><span class='date-meta'><i class='flaticon-calendar '><\/i>Tuesday November 15th, 2022<\/span><span class='categories-links'><i class='flaticon-folder '><\/i><a class=\"events\" href=\"https:\/\/eudipsec.usm.md\/?cat=3\" rel=\"tag\">Events<\/a><\/span><\/span><div class='rt-detail'><div class='tpg-excerpt'>INVITATION The management of the project &#8220;EUROPEAN UNION: A COMPREHENSIVE NOTION&#8221; (EUDIPSEC)\u00a0and the Academy of...<\/div><\/div><\/div> <a data-id='445' class='' href='https:\/\/eudipsec.usm.md\/?p=445'><img decoding=\"async\" width=\"231\" height=\"192\" src=\"https:\/\/eudipsec.usm.md\/wp-content\/uploads\/2023\/06\/IMG_1020.jpg\" class=\"rt-img-responsive \" alt=\"\" \/><\/a><\/div><\/div><div class=\"rt-col-md-4 rt-col-sm-6 rt-col-xs-12 even-grid-item rt-grid-item\" data-id=\"413\"><div class=\"rt-holder\"><div class=\"overlay\"><h3 class=\"entry-title\"><a data-id=\"413\" class=\"\" href=\"https:\/\/eudipsec.usm.md\/?p=413\">Conference ,,EU Security Strategy in the changing conditions of international relations (II)&#8221;<\/a><\/h3><span class='post-meta-user '><span class='date-meta'><i class='flaticon-calendar '><\/i>Friday April 22nd, 2022<\/span><span class='categories-links'><i class='flaticon-folder '><\/i><a class=\"events\" href=\"https:\/\/eudipsec.usm.md\/?cat=3\" rel=\"tag\">Events<\/a><\/span><\/span><div class='rt-detail'><div class='tpg-excerpt'>Dear colleagues We invite you to participate in the International Scientific Conference ,,EU Security Strategy...<\/div><\/div><\/div> <a data-id='413' class='' href='https:\/\/eudipsec.usm.md\/?p=413'><img decoding=\"async\" width=\"778\" height=\"439\" src=\"https:\/\/eudipsec.usm.md\/wp-content\/uploads\/2022\/04\/2330183899bbc833f9ebee7496cc9d2a.jpg\" class=\"rt-img-responsive \" alt=\"\" \/><\/a><\/div><\/div><div class=\"rt-col-md-4 rt-col-sm-6 rt-col-xs-12 even-grid-item rt-grid-item\" data-id=\"455\"><div class=\"rt-holder\"><div class=\"overlay\"><h3 class=\"entry-title\"><a data-id=\"455\" class=\"\" href=\"https:\/\/eudipsec.usm.md\/?p=455\">ROUNDTABLE second edition with international participation &#8220;European Diplomacy in the Eastern Partnership space: achievements, difficulties, problems&#8221;(II),<\/a><\/h3><span class='post-meta-user '><span class='date-meta'><i class='flaticon-calendar '><\/i>Friday October 29th, 2021<\/span><span class='categories-links'><i class='flaticon-folder '><\/i><a class=\"events\" href=\"https:\/\/eudipsec.usm.md\/?cat=3\" rel=\"tag\">Events<\/a><\/span><\/span><div class='rt-detail'><div class='tpg-excerpt'>DEAR COLLEAGUES, DOCTORAL AND MASTER STUDENTS We invite you to take part in a scientific...<\/div><\/div><\/div> <a data-id='455' class='' href='https:\/\/eudipsec.usm.md\/?p=455'><img loading=\"lazy\" decoding=\"async\" width=\"2560\" height=\"1402\" src=\"https:\/\/eudipsec.usm.md\/wp-content\/uploads\/2023\/06\/20201009_144041-scaled.jpg\" class=\"rt-img-responsive \" alt=\"\" \/><\/a><\/div><\/div><div class=\"rt-col-md-4 rt-col-sm-6 rt-col-xs-12 even-grid-item rt-grid-item\" data-id=\"143\"><div class=\"rt-holder\"><div class=\"overlay\"><h3 class=\"entry-title\"><a data-id=\"143\" class=\"\" href=\"https:\/\/eudipsec.usm.md\/?p=143\">International Scientific Conference &#8221; EU SECURITY STRATEGY IN THE CHANGING CONDITIONS OF INTERNATIONAL RELATIONS (I)&#8221;<\/a><\/h3><span class='post-meta-user '><span class='date-meta'><i class='flaticon-calendar '><\/i>Friday April 23rd, 2021<\/span><span class='categories-links'><i class='flaticon-folder '><\/i><a class=\"events\" href=\"https:\/\/eudipsec.usm.md\/?cat=3\" rel=\"tag\">Events<\/a><\/span><\/span><div class='rt-detail'><div class='tpg-excerpt'>Dear colleagues We invite you to participate in the online debate of the International Scientific...<\/div><\/div><\/div> <a data-id='143' class='' href='https:\/\/eudipsec.usm.md\/?p=143'><img loading=\"lazy\" decoding=\"async\" width=\"1690\" height=\"509\" src=\"https:\/\/eudipsec.usm.md\/wp-content\/uploads\/2023\/06\/Conferinta-23.0421.jpg\" class=\"rt-img-responsive \" alt=\"\" \/><\/a><\/div><\/div><div class=\"rt-col-md-4 rt-col-sm-6 rt-col-xs-12 even-grid-item rt-grid-item\" data-id=\"421\"><div class=\"rt-holder\"><div class=\"overlay\"><h3 class=\"entry-title\"><a data-id=\"421\" class=\"\" href=\"https:\/\/eudipsec.usm.md\/?p=421\">The management of the project &#8220;EUROPEAN UNION: A COMPREHENSIVE NOTION&#8221; (EUDIPSEC)<\/a><\/h3><span class='post-meta-user '><span class='date-meta'><i class='flaticon-calendar '><\/i>Friday November 20th, 2020<\/span><span class='categories-links'><i class='flaticon-folder '><\/i><a class=\"events\" href=\"https:\/\/eudipsec.usm.md\/?cat=3\" rel=\"tag\">Events<\/a><\/span><\/span><div class='rt-detail'><div class='tpg-excerpt'>INVITATION The management of the project &#8220;EUROPEAN UNION: A COMPREHENSIVE NOTION&#8221; (EUDIPSEC)\u00a0and the Academy of...<\/div><\/div><\/div> <a data-id='421' class='' href='https:\/\/eudipsec.usm.md\/?p=421'><img loading=\"lazy\" decoding=\"async\" width=\"2560\" height=\"1920\" src=\"https:\/\/eudipsec.usm.md\/wp-content\/uploads\/2023\/06\/RT-10.11.20-scaled.jpg\" class=\"rt-img-responsive \" alt=\"\" \/><\/a><\/div><\/div><\/div><\/div><\/div>\n\t\t\t\t<\/div>\n\t\t\t\t<\/div>\n\t\t\t\t\t<\/div>\n\t\t\t\t<\/div>\n\t\t\t\t<div class=\"elementor-element elementor-element-93f32b9 elementor-widget elementor-widget-heading\" data-id=\"93f32b9\" data-element_type=\"widget\" data-widget_type=\"heading.default\">\n\t\t\t\t<div class=\"elementor-widget-container\">\n\t\t\t<style>\/*! elementor - v3.23.0 - 05-08-2024 *\/\n.elementor-heading-title{padding:0;margin:0;line-height:1}.elementor-widget-heading .elementor-heading-title[class*=elementor-size-]>a{color:inherit;font-size:inherit;line-height:inherit}.elementor-widget-heading .elementor-heading-title.elementor-size-small{font-size:15px}.elementor-widget-heading .elementor-heading-title.elementor-size-medium{font-size:19px}.elementor-widget-heading .elementor-heading-title.elementor-size-large{font-size:29px}.elementor-widget-heading .elementor-heading-title.elementor-size-xl{font-size:39px}.elementor-widget-heading .elementor-heading-title.elementor-size-xxl{font-size:59px}<\/style><h1 class=\"elementor-heading-title elementor-size-default\">About EUDIPSEC<\/h1>\t\t<\/div>\n\t\t\t\t<\/div>\n\t\t\t\t<div class=\"elementor-element elementor-element-469163d elementor-widget elementor-widget-heading\" data-id=\"469163d\" data-element_type=\"widget\" data-widget_type=\"heading.default\">\n\t\t\t\t<div class=\"elementor-widget-container\">\n\t\t\t<h2 class=\"elementor-heading-title elementor-size-default\"><p><b>Proiectul EUDIPSEC \"Uniunea European\u0103: no\u021biunea cuprinz\u0103toare\"<\/b> s-a desf\u0103\u0219urat ca parte a activit\u0103\u021bilor Jean Monnet \u00een cadrul Programului Erasmus+ al Uniunii Europene.<\/p>\n\n<div><a href=\"https:\/\/erasmus-plus.ec.europa.eu\/projects\/search\/details\/620918-EPP-1-2020-1-MD-EPPJMO-CHAIR\"><u><b>https:\/\/erasmus-plus.ec.europa.eu\/projects\/search\/details\/620918-EPP-1-2020-1-MD-EPPJMO-CHAIR<\/b><\/u><\/a><p><\/p>\n\n\n<div class=\"df-element df-lite\"  data-slug=\"27\" data-_slug=\"27\" data-title=\"agreement\" id=\"df_27\" data-option=\"df_option_27\" ><\/div><script class=\"df-shortcode-script\" type=\"application\/javascript\">window.df_option_27 = {\"source\":\"https:\\\/\\\/eudipsec.usm.md\\\/wp-content\\\/uploads\\\/2023\\\/06\\\/Agreement_2021.pdf\",\"viewerType\":\"flipbook\",\"is3D\":true,\"disableRange\":true,\"slug\":\"27\",\"id\":27}; if(window.DEARPDF && window.DEARPDF.parseElements){window.DEARPDF.parseElements();}<\/script>\n\n<div>\nLansarea Proiecrului <strong><a href=\"https:\/\/aap.gov.md\/ro\/news\/fost-lansat-proiectul-jean-monnet-chaire-%E2%80%9Ecomprehensiunea-uniunii-europene-abordare\"><u>https:\/\/aap.gov.md\/ro\/news\/fost-lansat-proiectul-jean-monnet-chaire-%E2%80%9Ecomprehensiunea-uniunii-europene-abordare<\/u><\/a><\/strong><\/div>\n<br\/>\n<strong>Obiective\u00a0generale ale proiectului EUDIPSEC<\/strong>\n<ul>\n \t<li>aprofundarea pred\u0103rii, cercet\u0103rii \u0219i reflec\u021biei disciplinelorUE pentru Europenizarea programelor universitare, \u00een conformitate cu noile cerin\u021be de pe pia\u021ba muncii;<\/li>\n \t<li>promovarea dimensiunii \u0219i valorilor Europene \u00een \u00eenv\u0103\u021b\u0103m\u00eent superior al Republicii Moldova;<\/li>\n \t<li>comunicare, \u00eemp\u0103rt\u0103\u0219ire\u0219i sporire\u00a0vizibilit\u0103\u021bii\u00a0rezultatelor ac\u021biunii c\u0103tre publicul larg \u00een \u00eencurajarea dialogului dintre mediul academic\/ grupurile profesionale \/ membrii societ\u0103\u021bii civile;<\/li>\n<\/ul>\n<strong>Obiectivele specifice ale ac\u021biunii<\/strong>\n<ul>\n \t<li>Instruirea studen\u021bilor \u0219i a tinerilor profesioni\u0219ti cu cuno\u0219tin\u021be despre subiectele Uniunii Europene relevante pentru via\u021ba lor academic\u0103 \u0219i profesional\u0103 \u0219i \u00eembun\u0103t\u0103\u021birea abilit\u0103\u021bilor lor civice;<\/li>\n \t<li>Integrarea \u0219i diversificarea disciplinelor legate de UE \u00een cadrul programelor propuse studen\u021bilor de c\u0103tre institu\u021bie de \u00eenv\u0103\u021b\u0103m\u00e2nt superior<\/li>\n \t<li>organizarea de conferin\u021be \u0219i mese rotunde menite s\u0103 stimuleze dialogul \u00eentre oamenii de \u0219tiin\u021b\u0103 \u0219i politicienii \/ grupurile profesionale \/ societatea civil\u0103 din Republica Moldova.<\/li>\n<\/ul>\n<strong>Activit\u0103\u021bi specifice a EUDIPSEC Chair<\/strong>\n<ul>\n \t<li>Asigurarea pred\u0103rii a dou\u0103 noi \u00a0cursuri de studii europene, cu elaborarea curriculumuri \u00a0inovatore:<\/li>\n \t<li>\u201dConceptul multidimensional al securit\u0103\u021bii Europene\u201d;<\/li>\n \t<li>\u201dDiploma\u021bia Uniunei Europene: instrumente \u0219i politici\u201d<\/li>\n \t<li>Organizarea anual\u0103 a dou\u0103 evenimente: conferin\u021be \u0219tiin\u021bifice \u0219i mese rotunde pentrutineri cercet\u0103tori;<\/li>\n<\/ul>\n<style>#sp-ea-36 .spcollapsing { height: 0; overflow: hidden; transition-property: height;transition-duration: 300ms;}#sp-ea-36.sp-easy-accordion>.sp-ea-single {margin-bottom: 10px; border: 1px solid #e2e2e2; }#sp-ea-36.sp-easy-accordion>.sp-ea-single>.ea-header a {color: #444;}#sp-ea-36.sp-easy-accordion>.sp-ea-single>.sp-collapse>.ea-body {background: #fff; color: #444;}#sp-ea-36.sp-easy-accordion>.sp-ea-single {background: #eee;}#sp-ea-36.sp-easy-accordion>.sp-ea-single>.ea-header a .ea-expand-icon { float: left; color: #203d7a;font-size: 16px;}<\/style><div id=\"sp_easy_accordion-1776500668\"><div id=\"sp-ea-36\" class=\"sp-ea-one sp-easy-accordion\" data-ex-icon=\"minus\" data-col-icon=\"plus\"  data-ea-active=\"ea-click\"  data-ea-mode=\"vertical\" data-preloader=\"\" data-scroll-active-item=\"\" data-offset-to-scroll=\"0\"><div class=\"ea-card  sp-ea-single\"><h3 class=\"ea-header\"><a class=\"collapsed\" id=\"ea-header-360\" data-sptoggle=\"spcollapse\" data-sptarget=\"#collapse360\" aria-controls=\"collapse360\" href=\"javascript:void(0)\"  aria-expanded=\"false\" tabindex=\"0\"><i class=\"ea-expand-icon ea-icon-expand-plus\"><\/i> JEAN MONNET CHAIR FINANCIAL FORM<\/a><\/h3><div class=\"sp-collapse spcollapse spcollapse\" id=\"collapse360\" data-parent=\"#sp-ea-36\" role=\"region\" aria-labelledby=\"ea-header-360\"><div class=\"ea-body\"><div class=\"df-element df-lite\"  data-slug=\"jean-monnet-chair-despre-eudipsec\" data-_slug=\"jean-monnet-chair-despre-eudipsec\" data-title=\"jean-monnet-chair-despre-eudipsec\" id=\"df_37\" data-option=\"df_option_37\" ><\/div><script class=\"df-shortcode-script\" type=\"application\/javascript\">window.df_option_37 = {\"source\":\"https:\\\/\\\/eudipsec.usm.md\\\/wp-content\\\/uploads\\\/2023\\\/06\\\/620918-Annex-III_Finance.pdf\",\"viewerType\":\"flipbook\",\"is3D\":false,\"disableRange\":true,\"slug\":\"jean-monnet-chair-despre-eudipsec\",\"id\":37}; if(window.DEARPDF && window.DEARPDF.parseElements){window.DEARPDF.parseElements();}<\/script>\n<\/div><\/div><\/div><div class=\"ea-card  sp-ea-single\"><h3 class=\"ea-header\"><a class=\"collapsed\" id=\"ea-header-361\" data-sptoggle=\"spcollapse\" data-sptarget=\"#collapse361\" aria-controls=\"collapse361\" href=\"javascript:void(0)\"  aria-expanded=\"false\" tabindex=\"0\"><i class=\"ea-expand-icon ea-icon-expand-plus\"><\/i> SUPLIMENT LA REVISTA \u201eADMINISTRAREA PUBLIC\u0102\u201c<\/a><\/h3><div class=\"sp-collapse spcollapse spcollapse\" id=\"collapse361\" data-parent=\"#sp-ea-36\" role=\"region\" aria-labelledby=\"ea-header-361\"><div class=\"ea-body\"><div class=\"df-element df-lite\"  data-slug=\"supliment-la-revista-administrarea-publica\" data-_slug=\"supliment-la-revista-administrarea-publica\" data-title=\"supliment-la-revista-administrarea-publica\" id=\"df_39\" data-option=\"df_option_39\" ><\/div><script class=\"df-shortcode-script\" type=\"application\/javascript\">window.df_option_39 = {\"source\":\"https:\\\/\\\/eudipsec.usm.md\\\/wp-content\\\/uploads\\\/2023\\\/06\\\/Lansarea-EUDIPSEC_Ziarul-Adm-Afac_2-2.pdf\",\"viewerType\":\"flipbook\",\"is3D\":false,\"disableRange\":true,\"slug\":\"supliment-la-revista-administrarea-publica\",\"id\":39}; if(window.DEARPDF && window.DEARPDF.parseElements){window.DEARPDF.parseElements();}<\/script>\n<\/div><\/div><\/div><div class=\"ea-card  sp-ea-single\"><h3 class=\"ea-header\"><a class=\"collapsed\" id=\"ea-header-362\" data-sptoggle=\"spcollapse\" data-sptarget=\"#collapse362\" aria-controls=\"collapse362\" href=\"javascript:void(0)\"  aria-expanded=\"false\" tabindex=\"0\"><i class=\"ea-expand-icon ea-icon-expand-plus\"><\/i> Rosca L. JM Chair EUDIPSEC<\/a><\/h3><div class=\"sp-collapse spcollapse spcollapse\" id=\"collapse362\" data-parent=\"#sp-ea-36\" role=\"region\" aria-labelledby=\"ea-header-362\"><div class=\"ea-body\"><div class=\"df-element df-lite\"  data-slug=\"rosca-l-jm-chair-eudipsec\" data-_slug=\"rosca-l-jm-chair-eudipsec\" data-title=\"rosca-l-jm-chair-eudipsec\" id=\"df_41\" data-option=\"df_option_41\" ><\/div><script class=\"df-shortcode-script\" type=\"application\/javascript\">window.df_option_41 = {\"source\":\"https:\\\/\\\/eudipsec.usm.md\\\/wp-content\\\/uploads\\\/2023\\\/06\\\/Rosca-L.-JM-Chair-EUDIPSEC.pdf\",\"viewerType\":\"flipbook\",\"is3D\":false,\"slug\":\"rosca-l-jm-chair-eudipsec\",\"id\":41}; if(window.DEARPDF && window.DEARPDF.parseElements){window.DEARPDF.parseElements();}<\/script>\n<\/div><\/div><\/div><\/div><\/div><\/h2>\t\t<\/div>\n\t\t\t\t<\/div>\n\t\t\t\t\t<\/div>\n\t\t\t\t<\/div>\n\t\t\t\t<\/div>","protected":false},"excerpt":{"rendered":"","protected":false},"author":1,"featured_media":0,"parent":0,"menu_order":0,"comment_status":"closed","ping_status":"closed","template":"page-templates\/homepage.php","meta":{"footnotes":""},"class_list":["post-6","page","type-page","status-publish","hentry"],"rttpg_featured_image_url":null,"rttpg_author":{"display_name":"","author_link":"https:\/\/eudipsec.usm.md\/?author=1"},"rttpg_comment":0,"rttpg_category":"","rttpg_excerpt":null,"_links":{"self":[{"href":"https:\/\/eudipsec.usm.md\/index.php?rest_route=\/wp\/v2\/pages\/6","targetHints":{"allow":["GET"]}}],"collection":[{"href":"https:\/\/eudipsec.usm.md\/index.php?rest_route=\/wp\/v2\/pages"}],"about":[{"href":"https:\/\/eudipsec.usm.md\/index.php?rest_route=\/wp\/v2\/types\/page"}],"author":[{"embeddable":true,"href":"https:\/\/eudipsec.usm.md\/index.php?rest_route=\/wp\/v2\/users\/1"}],"replies":[{"embeddable":true,"href":"https:\/\/eudipsec.usm.md\/index.php?rest_route=%2Fwp%2Fv2%2Fcomments&post=6"}],"version-history":[{"count":26,"href":"https:\/\/eudipsec.usm.md\/index.php?rest_route=\/wp\/v2\/pages\/6\/revisions"}],"predecessor-version":[{"id":511,"href":"https:\/\/eudipsec.usm.md\/index.php?rest_route=\/wp\/v2\/pages\/6\/revisions\/511"}],"wp:attachment":[{"href":"https:\/\/eudipsec.usm.md\/index.php?rest_route=%2Fwp%2Fv2%2Fmedia&parent=6"}],"curies":[{"name":"wp","href":"https:\/\/api.w.org\/{rel}","templated":true}]}}