{"id":26,"date":"2023-06-06T12:11:00","date_gmt":"2023-06-06T12:11:00","guid":{"rendered":"https:\/\/eudipsec.usm.md\/?page_id=26"},"modified":"2023-06-12T08:40:50","modified_gmt":"2023-06-12T08:40:50","slug":"26-2","status":"publish","type":"page","link":"https:\/\/eudipsec.usm.md\/?page_id=26","title":{"rendered":"About EUDIPSEC"},"content":{"rendered":"<p>Proiectul EUDIPSEC &#8220;Uniunea European\u0103: no\u021biunea cuprinz\u0103toare&#8221; s-a desf\u0103\u0219urat ca parte a activit\u0103\u021bilor Jean Monnet \u00een cadrul Programului Erasmus+ al Uniunii Europene.<\/p>\n<p><strong><a href=\"https:\/\/erasmus-plus.ec.europa.eu\/projects\/search\/details\/620918-EPP-1-2020-1-MD-EPPJMO-CHAIR\"><u>https:\/\/erasmus-plus.ec.europa.eu\/projects\/search\/details\/620918-EPP-1-2020-1-MD-EPPJMO-CHAIR<\/u><\/a><\/strong><\/p>\n<div class=\"df-element df-lite\"  data-slug=\"27\" data-_slug=\"27\" data-title=\"agreement\" id=\"df_27\" data-option=\"df_option_27\" ><\/div><script class=\"df-shortcode-script\" type=\"application\/javascript\">window.df_option_27 = {\"source\":\"https:\\\/\\\/eudipsec.usm.md\\\/wp-content\\\/uploads\\\/2023\\\/06\\\/Agreement_2021.pdf\",\"viewerType\":\"flipbook\",\"is3D\":true,\"disableRange\":true,\"slug\":\"27\",\"id\":27}; if(window.DEARPDF && window.DEARPDF.parseElements){window.DEARPDF.parseElements();}<\/script>\n<p>Lansarea Proiecrului <strong><a href=\"https:\/\/aap.gov.md\/ro\/news\/fost-lansat-proiectul-jean-monnet-chaire-%E2%80%9Ecomprehensiunea-uniunii-europene-abordare\"><u>https:\/\/aap.gov.md\/ro\/news\/fost-lansat-proiectul-jean-monnet-chaire-%E2%80%9Ecomprehensiunea-uniunii-europene-abordare<\/u><\/a><\/strong><\/p>\n<p><strong>Obiective\u00a0generale ale proiectului EUDIPSEC<\/strong><\/p>\n<ul>\n<li>aprofundarea pred\u0103rii, cercet\u0103rii \u0219i reflec\u021biei disciplinelorUE pentru Europenizarea programelor universitare, \u00een conformitate cu noile cerin\u021be de pe pia\u021ba muncii;<\/li>\n<li>promovarea dimensiunii \u0219i valorilor Europene \u00een \u00eenv\u0103\u021b\u0103m\u00eent superior al Republicii Moldova;<\/li>\n<li>comunicare, \u00eemp\u0103rt\u0103\u0219ire\u0219i sporire\u00a0vizibilit\u0103\u021bii\u00a0rezultatelor ac\u021biunii c\u0103tre publicul larg \u00een \u00eencurajarea dialogului dintre mediul academic\/ grupurile profesionale \/ membrii societ\u0103\u021bii civile;<\/li>\n<\/ul>\n<p><strong>Obiectivele specifice ale ac\u021biunii<\/strong><\/p>\n<ul>\n<li>Instruirea studen\u021bilor \u0219i a tinerilor profesioni\u0219ti cu cuno\u0219tin\u021be despre subiectele Uniunii Europene relevante pentru via\u021ba lor academic\u0103 \u0219i profesional\u0103 \u0219i \u00eembun\u0103t\u0103\u021birea abilit\u0103\u021bilor lor civice;<\/li>\n<li>Integrarea \u0219i diversificarea disciplinelor legate de UE \u00een cadrul programelor propuse studen\u021bilor de c\u0103tre institu\u021bie de \u00eenv\u0103\u021b\u0103m\u00e2nt superior<\/li>\n<li>organizarea de conferin\u021be \u0219i mese rotunde menite s\u0103 stimuleze dialogul \u00eentre oamenii de \u0219tiin\u021b\u0103 \u0219i politicienii \/ grupurile profesionale \/ societatea civil\u0103 din Republica Moldova.<\/li>\n<\/ul>\n<p><strong>Activit\u0103\u021bi specifice a EUDIPSEC Chair<\/strong><\/p>\n<ul>\n<li>Asigurarea pred\u0103rii a dou\u0103 noi \u00a0cursuri de studii europene, cu elaborarea curriculumuri \u00a0inovatore:<\/li>\n<li>\u201dConceptul multidimensional al securit\u0103\u021bii Europene\u201d;<\/li>\n<li>\u201dDiploma\u021bia Uniunei Europene: instrumente \u0219i politici\u201d<\/li>\n<li>Organizarea anual\u0103 a dou\u0103 evenimente: conferin\u021be \u0219tiin\u021bifice \u0219i mese rotunde pentrutineri cercet\u0103tori;<\/li>\n<\/ul>\n<style>#sp-ea-36 .spcollapsing { height: 0; overflow: hidden; transition-property: height;transition-duration: 300ms;}#sp-ea-36.sp-easy-accordion>.sp-ea-single {margin-bottom: 10px; border: 1px solid #e2e2e2; }#sp-ea-36.sp-easy-accordion>.sp-ea-single>.ea-header a {color: #444;}#sp-ea-36.sp-easy-accordion>.sp-ea-single>.sp-collapse>.ea-body {background: #fff; color: #444;}#sp-ea-36.sp-easy-accordion>.sp-ea-single {background: #eee;}#sp-ea-36.sp-easy-accordion>.sp-ea-single>.ea-header a .ea-expand-icon { float: left; color: #203d7a;font-size: 16px;}<\/style><div id=\"sp_easy_accordion-1778763094\"><div id=\"sp-ea-36\" class=\"sp-ea-one sp-easy-accordion\" data-ex-icon=\"minus\" data-col-icon=\"plus\"  data-ea-active=\"ea-click\"  data-ea-mode=\"vertical\" data-preloader=\"\" data-scroll-active-item=\"\" data-offset-to-scroll=\"0\"><div class=\"ea-card  sp-ea-single\"><h3 class=\"ea-header\"><a class=\"collapsed\" id=\"ea-header-360\" data-sptoggle=\"spcollapse\" data-sptarget=\"#collapse360\" aria-controls=\"collapse360\" href=\"javascript:void(0)\"  aria-expanded=\"false\" tabindex=\"0\"><i class=\"ea-expand-icon ea-icon-expand-plus\"><\/i> JEAN MONNET CHAIR FINANCIAL FORM<\/a><\/h3><div class=\"sp-collapse spcollapse spcollapse\" id=\"collapse360\" data-parent=\"#sp-ea-36\" role=\"region\" aria-labelledby=\"ea-header-360\"><div class=\"ea-body\"><div class=\"df-element df-lite\"  data-slug=\"jean-monnet-chair-despre-eudipsec\" data-_slug=\"jean-monnet-chair-despre-eudipsec\" data-title=\"jean-monnet-chair-despre-eudipsec\" id=\"df_37\" data-option=\"df_option_37\" ><\/div><script class=\"df-shortcode-script\" type=\"application\/javascript\">window.df_option_37 = {\"source\":\"https:\\\/\\\/eudipsec.usm.md\\\/wp-content\\\/uploads\\\/2023\\\/06\\\/620918-Annex-III_Finance.pdf\",\"viewerType\":\"flipbook\",\"is3D\":false,\"disableRange\":true,\"slug\":\"jean-monnet-chair-despre-eudipsec\",\"id\":37}; if(window.DEARPDF && window.DEARPDF.parseElements){window.DEARPDF.parseElements();}<\/script>\n<\/div><\/div><\/div><div class=\"ea-card  sp-ea-single\"><h3 class=\"ea-header\"><a class=\"collapsed\" id=\"ea-header-361\" data-sptoggle=\"spcollapse\" data-sptarget=\"#collapse361\" aria-controls=\"collapse361\" href=\"javascript:void(0)\"  aria-expanded=\"false\" tabindex=\"0\"><i class=\"ea-expand-icon ea-icon-expand-plus\"><\/i> SUPLIMENT LA REVISTA \u201eADMINISTRAREA PUBLIC\u0102\u201c<\/a><\/h3><div class=\"sp-collapse spcollapse spcollapse\" id=\"collapse361\" data-parent=\"#sp-ea-36\" role=\"region\" aria-labelledby=\"ea-header-361\"><div class=\"ea-body\"><div class=\"df-element df-lite\"  data-slug=\"supliment-la-revista-administrarea-publica\" data-_slug=\"supliment-la-revista-administrarea-publica\" data-title=\"supliment-la-revista-administrarea-publica\" id=\"df_39\" data-option=\"df_option_39\" ><\/div><script class=\"df-shortcode-script\" type=\"application\/javascript\">window.df_option_39 = {\"source\":\"https:\\\/\\\/eudipsec.usm.md\\\/wp-content\\\/uploads\\\/2023\\\/06\\\/Lansarea-EUDIPSEC_Ziarul-Adm-Afac_2-2.pdf\",\"viewerType\":\"flipbook\",\"is3D\":false,\"disableRange\":true,\"slug\":\"supliment-la-revista-administrarea-publica\",\"id\":39}; if(window.DEARPDF && window.DEARPDF.parseElements){window.DEARPDF.parseElements();}<\/script>\n<\/div><\/div><\/div><div class=\"ea-card  sp-ea-single\"><h3 class=\"ea-header\"><a class=\"collapsed\" id=\"ea-header-362\" data-sptoggle=\"spcollapse\" data-sptarget=\"#collapse362\" aria-controls=\"collapse362\" href=\"javascript:void(0)\"  aria-expanded=\"false\" tabindex=\"0\"><i class=\"ea-expand-icon ea-icon-expand-plus\"><\/i> Rosca L. JM Chair EUDIPSEC<\/a><\/h3><div class=\"sp-collapse spcollapse spcollapse\" id=\"collapse362\" data-parent=\"#sp-ea-36\" role=\"region\" aria-labelledby=\"ea-header-362\"><div class=\"ea-body\"><div class=\"df-element df-lite\"  data-slug=\"rosca-l-jm-chair-eudipsec\" data-_slug=\"rosca-l-jm-chair-eudipsec\" data-title=\"rosca-l-jm-chair-eudipsec\" id=\"df_41\" data-option=\"df_option_41\" ><\/div><script class=\"df-shortcode-script\" type=\"application\/javascript\">window.df_option_41 = {\"source\":\"https:\\\/\\\/eudipsec.usm.md\\\/wp-content\\\/uploads\\\/2023\\\/06\\\/Rosca-L.-JM-Chair-EUDIPSEC.pdf\",\"viewerType\":\"flipbook\",\"is3D\":false,\"slug\":\"rosca-l-jm-chair-eudipsec\",\"id\":41}; if(window.DEARPDF && window.DEARPDF.parseElements){window.DEARPDF.parseElements();}<\/script>\n<\/div><\/div><\/div><\/div><\/div>\n","protected":false},"excerpt":{"rendered":"<p>Proiectul EUDIPSEC &#8220;Uniunea European\u0103: no\u021biunea cuprinz\u0103toare&#8221; s-a desf\u0103\u0219urat ca parte a activit\u0103\u021bilor Jean Monnet \u00een cadrul Programului Erasmus+ al Uniunii Europene. https:\/\/erasmus-plus.ec.europa.eu\/projects\/search\/details\/620918-EPP-1-2020-1-MD-EPPJMO-CHAIR Lansarea Proiecrului https:\/\/aap.gov.md\/ro\/news\/fost-lansat-proiectul-jean-monnet-chaire-%E2%80%9Ecomprehensiunea-uniunii-europene-abordare Obiective\u00a0generale ale proiectului EUDIPSEC aprofundarea pred\u0103rii, cercet\u0103rii \u0219i reflec\u021biei disciplinelorUE pentru Europenizarea programelor universitare, \u00een conformitate cu noile cerin\u021be de pe pia\u021ba muncii; promovarea dimensiunii \u0219i valorilor Europene \u00een \u00eenv\u0103\u021b\u0103m\u00eent&hellip; <br \/> <a class=\"read-more\" href=\"https:\/\/eudipsec.usm.md\/?page_id=26\">Read more<\/a><\/p>\n","protected":false},"author":1,"featured_media":0,"parent":0,"menu_order":0,"comment_status":"closed","ping_status":"closed","template":"","meta":{"footnotes":""},"class_list":["post-26","page","type-page","status-publish","hentry"],"rttpg_featured_image_url":null,"rttpg_author":{"display_name":"","author_link":"https:\/\/eudipsec.usm.md\/?author=1"},"rttpg_comment":0,"rttpg_category":null,"rttpg_excerpt":"Proiectul EUDIPSEC &#8220;Uniunea European\u0103: no\u021biunea cuprinz\u0103toare&#8221; s-a desf\u0103\u0219urat ca parte a activit\u0103\u021bilor Jean Monnet \u00een cadrul Programului Erasmus+ al Uniunii Europene. https:\/\/erasmus-plus.ec.europa.eu\/projects\/search\/details\/620918-EPP-1-2020-1-MD-EPPJMO-CHAIR Lansarea Proiecrului https:\/\/aap.gov.md\/ro\/news\/fost-lansat-proiectul-jean-monnet-chaire-%E2%80%9Ecomprehensiunea-uniunii-europene-abordare Obiective\u00a0generale ale proiectului EUDIPSEC aprofundarea pred\u0103rii, cercet\u0103rii \u0219i reflec\u021biei disciplinelorUE pentru Europenizarea programelor universitare, \u00een conformitate cu noile cerin\u021be de pe pia\u021ba muncii; promovarea dimensiunii \u0219i valorilor Europene \u00een \u00eenv\u0103\u021b\u0103m\u00eent&hellip;&hellip;","_links":{"self":[{"href":"https:\/\/eudipsec.usm.md\/index.php?rest_route=\/wp\/v2\/pages\/26","targetHints":{"allow":["GET"]}}],"collection":[{"href":"https:\/\/eudipsec.usm.md\/index.php?rest_route=\/wp\/v2\/pages"}],"about":[{"href":"https:\/\/eudipsec.usm.md\/index.php?rest_route=\/wp\/v2\/types\/page"}],"author":[{"embeddable":true,"href":"https:\/\/eudipsec.usm.md\/index.php?rest_route=\/wp\/v2\/users\/1"}],"replies":[{"embeddable":true,"href":"https:\/\/eudipsec.usm.md\/index.php?rest_route=%2Fwp%2Fv2%2Fcomments&post=26"}],"version-history":[{"count":8,"href":"https:\/\/eudipsec.usm.md\/index.php?rest_route=\/wp\/v2\/pages\/26\/revisions"}],"predecessor-version":[{"id":126,"href":"https:\/\/eudipsec.usm.md\/index.php?rest_route=\/wp\/v2\/pages\/26\/revisions\/126"}],"wp:attachment":[{"href":"https:\/\/eudipsec.usm.md\/index.php?rest_route=%2Fwp%2Fv2%2Fmedia&parent=26"}],"curies":[{"name":"wp","href":"https:\/\/api.w.org\/{rel}","templated":true}]}}